{"id":656,"date":"2022-07-05T16:54:38","date_gmt":"2022-07-05T14:54:38","guid":{"rendered":"https:\/\/ineshock.de\/\/?page_id=656"},"modified":"2025-01-20T11:04:57","modified_gmt":"2025-01-20T10:04:57","slug":"color-by-color-2","status":"publish","type":"page","link":"https:\/\/ineshock.de\/en\/color-by-color-2\/","title":{"rendered":"Color by Color"},"content":{"rendered":"<figure id=\"attachment_1456\" aria-describedby=\"caption-attachment-1456\" style=\"width: 1600px\" class=\"wp-caption aligncenter\"><img loading=\"lazy\" decoding=\"async\" class=\"wp-image-1456 size-full\" src=\"https:\/\/ineshock.de\/\/wp-content\/uploads\/2022\/08\/LB-2022-Urbild_1-Oel-43-x-635-cm.jpg\" alt=\"Ines Hock, Urbild \u2013 Color by Color\" width=\"1600\" height=\"1174\" srcset=\"https:\/\/ineshock.de\/wp-content\/uploads\/2022\/08\/LB-2022-Urbild_1-Oel-43-x-635-cm.jpg 1600w, https:\/\/ineshock.de\/wp-content\/uploads\/2022\/08\/LB-2022-Urbild_1-Oel-43-x-635-cm-300x220.jpg 300w, https:\/\/ineshock.de\/wp-content\/uploads\/2022\/08\/LB-2022-Urbild_1-Oel-43-x-635-cm-1024x751.jpg 1024w, https:\/\/ineshock.de\/wp-content\/uploads\/2022\/08\/LB-2022-Urbild_1-Oel-43-x-635-cm-768x564.jpg 768w, https:\/\/ineshock.de\/wp-content\/uploads\/2022\/08\/LB-2022-Urbild_1-Oel-43-x-635-cm-1536x1127.jpg 1536w\" sizes=\"auto, (max-width: 1600px) 100vw, 1600px\" \/><figcaption id=\"caption-attachment-1456\" class=\"wp-caption-text\">Ines Hock, URBILD \u2013 Color by Color &nbsp; LB 2022 -1 &nbsp; &nbsp;\u00d6l auf Leinwand &nbsp;43 x 63,5 cm<\/figcaption><\/figure>\n<p>Die <em>virtuellen Variationen<\/em> sind digital erstellt.&nbsp;Sie haben die M\u00f6glichkeit die Varianten zu vergleichen und sich zu den Varianten zu \u00e4u\u00dfern.<br \/>\nSie k\u00f6nnen eine eigene Auswahl treffen und eigene Vorschl\u00e4ge kommunizieren.<br \/>\nThemen die Ihnen wichtig sind benennen und ohne Erkl\u00e4rung ihr Empfinden zum Ausdruck bringen.<br \/>\nDie Vorschl\u00e4ge werde ich ansehen und ermitteln welche malerische Ausf\u00fchrung ich mit \u00d6lfarbe vornehme.<br \/>\nDie h\u00e4ndische Ausf\u00fchrung &nbsp;wird nicht als Kopie umgesetzt, sie ist Vorlage die Arbeit konzeptionell weiter zu entwickeln. &nbsp;<br \/>\nText zu den Bildern mit Farbfeldern <a href=\"https:\/\/ineshock.de\/\/ueber-farbe\/\">\u00dcber Farbe | Text Peter Lodermeyer<\/a><\/p>\n<p>Der Prozess der Partizipation ist abgeschlossen. <br \/>\nDie Bilder des Projektes sind in verschiedenen <a href=\"https:\/\/ineshock.de\/farbkontinuum-color-by-color-2023\/\" target=\"_blank\" rel=\"noopener\">Ausstellungen<\/a> \u00f6ffentlich gezeigt worden.<br \/>\nEs entstehen fortlaufend weitere Arbeiten im Rahmen des Konzepts COLOR by COLOR.<\/p>\n<p>&nbsp;<\/p>\nngg_shortcode_0_placeholder\n<p>&nbsp;<\/p>\nngg_shortcode_1_placeholder\n<p>&nbsp;<\/p>\n<p>&nbsp;<\/p>\n","protected":false},"excerpt":{"rendered":"<p>Die virtuellen Variationen sind digital erstellt.&nbsp;Sie haben die M\u00f6glichkeit die Varianten zu vergleichen und sich zu den Varianten zu \u00e4u\u00dfern. [&#8230;]<\/p>\n","protected":false},"author":1,"featured_media":0,"parent":0,"menu_order":0,"comment_status":"open","ping_status":"closed","template":"","meta":{"ngg_post_thumbnail":0,"footnotes":""},"class_list":["post-656","page","type-page","status-publish","hentry"],"translation":{"provider":"WPGlobus","version":"3.0.2","language":"en","enabled_languages":["de","en"],"languages":{"de":{"title":true,"content":true,"excerpt":false},"en":{"title":true,"content":false,"excerpt":false}}},"_links":{"self":[{"href":"https:\/\/ineshock.de\/en\/wp-json\/wp\/v2\/pages\/656","targetHints":{"allow":["GET"]}}],"collection":[{"href":"https:\/\/ineshock.de\/en\/wp-json\/wp\/v2\/pages"}],"about":[{"href":"https:\/\/ineshock.de\/en\/wp-json\/wp\/v2\/types\/page"}],"author":[{"embeddable":true,"href":"https:\/\/ineshock.de\/en\/wp-json\/wp\/v2\/users\/1"}],"replies":[{"embeddable":true,"href":"https:\/\/ineshock.de\/en\/wp-json\/wp\/v2\/comments?post=656"}],"version-history":[{"count":65,"href":"https:\/\/ineshock.de\/en\/wp-json\/wp\/v2\/pages\/656\/revisions"}],"predecessor-version":[{"id":4249,"href":"https:\/\/ineshock.de\/en\/wp-json\/wp\/v2\/pages\/656\/revisions\/4249"}],"wp:attachment":[{"href":"https:\/\/ineshock.de\/en\/wp-json\/wp\/v2\/media?parent=656"}],"curies":[{"name":"wp","href":"https:\/\/api.w.org\/{rel}","templated":true}]}}