{"id":3732,"date":"2024-05-21T17:49:50","date_gmt":"2024-05-21T15:49:50","guid":{"rendered":"https:\/\/ineshock.de\/bee-here-berlin-2024\/"},"modified":"2024-09-23T13:42:54","modified_gmt":"2024-09-23T11:42:54","slug":"bee-here-berlin-2024","status":"publish","type":"page","link":"https:\/\/ineshock.de\/en\/bee-here-berlin-2024\/","title":{"rendered":"Be(e) here in Berlin 2024"},"content":{"rendered":"<p>Berlin Mitte, bietet den geeigneten Ort, mit k\u00fcnstlerischen Mitteln, die Frage nach unserem Verh\u00e4ltnis zur Natur zu stellen. <br \/>\nInnerst\u00e4dtische Parkanlagen sind ganz auf die Bed\u00fcrfnisse der Menschen nach Erholung und Freizeit abgestimmte, \u201edomestizierte&#8221; Naturr\u00e4ume. <br \/>\nVon dieser Tatsache ausgehend, bezieht sich Ines Hock mit ihrer Arbeit genau auf solche Pflanzen, die in \u00f6ffentlichen Gr\u00fcnanlagen \u00fcblicherweise nicht vorkommen. <br \/>\nDies nicht nur, weil sie als Parkpflanzen wom\u00f6glich ungeeignet, weil unsch\u00f6n, stachlig oder giftig w\u00e4ren? Sie finden dort nicht mehr die geeigneten Bedingungen f\u00fcr ihr Gedeihen, sind auf der ROTEN LISTE gef\u00fchrt und k\u00f6nnten wom\u00f6glich bald g\u00e4nzlich verschwunden sein.<\/p>\n<figure id=\"attachment_3696\" aria-describedby=\"caption-attachment-3696\" style=\"width: 678px\" class=\"wp-caption alignnone\"><img loading=\"lazy\" decoding=\"async\" class=\" wp-image-3696\" src=\"https:\/\/ineshock.de\/wp-content\/uploads\/2024\/05\/Ausdruck-Beitrag-Bee-here-2024-Berlin-1.-Seite-QR-Code-Kopie-scaled.jpg\" alt=\"Bild und text zur tempor\u00e4ren Installation Be(e) here in Berlin\" width=\"678\" height=\"959\" srcset=\"https:\/\/ineshock.de\/wp-content\/uploads\/2024\/05\/Ausdruck-Beitrag-Bee-here-2024-Berlin-1.-Seite-QR-Code-Kopie-scaled.jpg 1810w, https:\/\/ineshock.de\/wp-content\/uploads\/2024\/05\/Ausdruck-Beitrag-Bee-here-2024-Berlin-1.-Seite-QR-Code-Kopie-212x300.jpg 212w, https:\/\/ineshock.de\/wp-content\/uploads\/2024\/05\/Ausdruck-Beitrag-Bee-here-2024-Berlin-1.-Seite-QR-Code-Kopie-724x1024.jpg 724w, https:\/\/ineshock.de\/wp-content\/uploads\/2024\/05\/Ausdruck-Beitrag-Bee-here-2024-Berlin-1.-Seite-QR-Code-Kopie-768x1086.jpg 768w, https:\/\/ineshock.de\/wp-content\/uploads\/2024\/05\/Ausdruck-Beitrag-Bee-here-2024-Berlin-1.-Seite-QR-Code-Kopie-1086x1536.jpg 1086w, https:\/\/ineshock.de\/wp-content\/uploads\/2024\/05\/Ausdruck-Beitrag-Bee-here-2024-Berlin-1.-Seite-QR-Code-Kopie-1448x2048.jpg 1448w\" sizes=\"auto, (max-width: 678px) 100vw, 678px\" \/><figcaption id=\"caption-attachment-3696\" class=\"wp-caption-text\">Bild und Text zur tempor\u00e4ren Installation, Berlin 2024<\/figcaption><\/figure>\n<p>&nbsp;<\/p>\nngg_shortcode_0_placeholder\n","protected":false},"excerpt":{"rendered":"<p>Berlin Mitte, bietet den geeigneten Ort, mit k\u00fcnstlerischen Mitteln, die Frage nach unserem Verh\u00e4ltnis zur Natur zu stellen. Innerst\u00e4dtische Parkanlagen [&#8230;]<\/p>\n","protected":false},"author":2,"featured_media":3704,"parent":0,"menu_order":0,"comment_status":"closed","ping_status":"closed","template":"","meta":{"ngg_post_thumbnail":0,"footnotes":""},"class_list":["post-3732","page","type-page","status-publish","has-post-thumbnail","hentry"],"translation":{"provider":"WPGlobus","version":"3.0.2","language":"en","enabled_languages":["de","en"],"languages":{"de":{"title":true,"content":true,"excerpt":false},"en":{"title":false,"content":false,"excerpt":false}}},"_links":{"self":[{"href":"https:\/\/ineshock.de\/en\/wp-json\/wp\/v2\/pages\/3732","targetHints":{"allow":["GET"]}}],"collection":[{"href":"https:\/\/ineshock.de\/en\/wp-json\/wp\/v2\/pages"}],"about":[{"href":"https:\/\/ineshock.de\/en\/wp-json\/wp\/v2\/types\/page"}],"author":[{"embeddable":true,"href":"https:\/\/ineshock.de\/en\/wp-json\/wp\/v2\/users\/2"}],"replies":[{"embeddable":true,"href":"https:\/\/ineshock.de\/en\/wp-json\/wp\/v2\/comments?post=3732"}],"version-history":[{"count":8,"href":"https:\/\/ineshock.de\/en\/wp-json\/wp\/v2\/pages\/3732\/revisions"}],"predecessor-version":[{"id":3977,"href":"https:\/\/ineshock.de\/en\/wp-json\/wp\/v2\/pages\/3732\/revisions\/3977"}],"wp:featuredmedia":[{"embeddable":true,"href":"https:\/\/ineshock.de\/en\/wp-json\/wp\/v2\/media\/3704"}],"wp:attachment":[{"href":"https:\/\/ineshock.de\/en\/wp-json\/wp\/v2\/media?parent=3732"}],"curies":[{"name":"wp","href":"https:\/\/api.w.org\/{rel}","templated":true}]}}