{"id":342,"date":"2022-06-22T12:45:43","date_gmt":"2022-06-22T10:45:43","guid":{"rendered":"https:\/\/ineshock.de\/\/?page_id=342"},"modified":"2026-03-22T20:10:02","modified_gmt":"2026-03-22T19:10:02","slug":"links","status":"publish","type":"page","link":"https:\/\/ineshock.de\/en\/links\/","title":{"rendered":"Links"},"content":{"rendered":"<p><em>Links<\/em><\/p>\n<p>&nbsp;<\/p>\n<p><a href=\"https:\/\/www.heribert-kaesbach.de\/?utm_source=ig&amp;utm_medium=social&amp;utm_content=link_in_bio&amp;fbclid=PAZXh0bgNhZW0CMTEAc3J0YwZhcHBfaWQMMjU2MjgxMDQwNTU4AAGnJlVE9CiJfdexraZ7dfMdXqqOxXqSHopjdzdlYuv2Nf3Ocm1zMo1o5pOM6Z8_aem_82qImDmGVk701gLK0GbW3w\" target=\"_blank\" rel=\"noopener\">Heribert K\u00e4sbach<\/a><\/p>\n<p><a href=\"https:\/\/www.japan-art.com\/exhibitions\/179-hock-.-huber-.-sakurai-arbeiten-auf-papier-und-holz\/works\/\" target=\"_blank\" rel=\"noopener\">JAPAN ART &#8211; Galerie Friedrich M\u00fcller<\/a><\/p>\n<p><a href=\"https:\/\/drj-art-projects.com\/and-going-on\/\" target=\"_blank\" rel=\"noopener\">drj art projects &#8211; berlin<\/a>&nbsp; &nbsp; &nbsp;<a href=\"https:\/\/drj-art-projects.com\/and-going-on-list-of-participants\/\" target=\"_blank\" rel=\"noopener\">Teilnehmende<\/a><\/p>\n<p><a href=\"https:\/\/www.sammlung-schroth.de\/de\/\" target=\"_blank\" rel=\"noopener\">Sammlung Carl-J\u00fcrgen Schroth Soest<\/a><\/p>\n<p><a href=\"https:\/\/www.instagram.com\/ines.hock.atelier\/\">@ines.hock.atelier<\/a><\/p>\n<p><a href=\"https:\/\/stadtmuseum-siegburg.de\/ausstellungen\/ausstellungsarchiv\/archiv-ab-2020\/\" target=\"_blank\" rel=\"noopener\">Stadtmuseum Siegburg Archiv<\/a><\/p>\n<p><a href=\"https:\/\/www.dein-beckum.de\/news\/lokales\/ines-hock-farb-kontinuum-malerei-im-raum-auf-papier-und-leinwand\" target=\"_blank\" rel=\"noopener\">Stadtmuseum Beckum Ausstellung<\/a><\/p>\n<p><a href=\"https:\/\/www.artsy.net\/partner\/galerie-p13\/artists\/ines-hock\" target=\"_blank\" rel=\"noopener\">Artsy Galerie P 13<\/a><\/p>\n<p><a href=\"https:\/\/www.formformsuche.de\/ausstellungen\/ines-hock-fabula\" target=\"_blank\" rel=\"noopener\">Martin Bohn, K\u00f6ln<\/a><\/p>\n<p><a href=\"http:\/\/www.galerie-klaus-braun.de\/\" target=\"_blank\" rel=\"noopener\">Galerie Klaus Braun,Stuttgart<\/a><\/p>\n<p><a href=\"https:\/\/r8m.cologne\/\" target=\"_blank\" rel=\"noopener\">Galerie r8m, K\u00f6ln<\/a><\/p>\n<p><a href=\"http:\/\/www.galerie-januar.de\/archiv\/2019-2015\/ines-hock\/\" target=\"_blank\" rel=\"noopener\">www.galerie-januar.de archiv-ausstellungen-2015<\/a><\/p>\n<p><a href=\"http:\/\/vorgebirgsparkskulptur.eu\/portfolio\/ines-hock\/\" target=\"_blank\" rel=\"noopener\">vorgebirgsparkskulptur. portfolio\/ines hock<\/a><\/p>\n<p><a href=\"https:\/\/ama-art.de\/produkt\/hock-ines-lb-2016-1\/\" target=\"_blank\" rel=\"noopener\">www.ama-art.de Ines Hock<\/a><\/p>\n<p><a href=\"https:\/\/villa-zanders.de\/ausstellungen\/rueckblick\/ines-hock-line-to-line-06-04-01-6-2014\/\" target=\"_blank\" rel=\"noopener\">Kunstmuseum Villa Zanders<\/a><\/p>\n<p><a href=\"http:\/\/kudlek.com\" target=\"_blank\" rel=\"noopener\">www.kudlek.com<\/a><\/p>\n<p><a href=\"http:\/\/www.vandergrintengalerie.com\" target=\"_blank\" rel=\"noopener\">www.vandergrintengalerie.com<\/a><\/p>\n<p><a href=\"https:\/\/www.doerken-stiftung.de\/dr-carl-doerken-galerie-veranstaltungen\/veranstaltungen\/lichtecht\/\" target=\"_blank\" rel=\"noopener\">www.doerken-stiftung.de<\/a><\/p>\n<p><a href=\"http:\/\/galerie-blickwinkel-frechen.de\/ines-hock-color-light-graphic-moments\/\">COLOR LIGHT | GRAPHIC MOMENTS<\/a><\/p>\n<p><a href=\"https:\/\/artothek.kulturelles-erbe-koeln.de\/ete?action=query&amp;sstate=eJztWM9vE0cUjhNKgsEkDGlJQ6nc7QVFJtqfjm1aqQEMIooawFwiQKvx7tgevN4xO7MOCbLUv6W3Xnvq_9Mee-l_0Df7w3Gczbpcq_hgz5vvve-9ebOe-eyVAnpZRMQdbn8ISXC8zQX2XRy4a7_-9vdfpY0FZdlxbB8PyP2Cfqd4tUs4HghU2Npc2v35ibIkvP7WQm3hp99_-aOwt5IGb94r3paUHmP9cDjhRAubC_cLtXXlx-Lyk0fP7P2DZ0htERw4vYPAJUG5_aFRlrlszJ2yw7xGOUleZhJvlGF-o6DcOw1fa34kTijIS1n8YxYQgP8pneJ_lj4pNmdh4BCl8UmhvuOFLuFK443iOEpFcZkzIALDyGG-wNQngQ1zfjhok2B2VhwPiYyhrvJuXFGihknWDvUECYgrx5PJNmOe_ByEXEC6BLG5CKjflYBLOjj0hN2hxINQJW6tMuFVtpTx-F0lIrB9JknA4j0WSvc378bwAjvsQiCAn8DoBGygNFSYpSewXkOOWBCnd5ztpJlADX1UxhVoTUjd1ARy3O1yWZr9lH4k7oPXsF5b2rC6AY9XGtdqJ62I89TjlywnCNsB7RPf9kaeqmfGzrikJIqlnCMw5hMYuQTmfAIzl8CaT2DlElTnE1RzCXbmE-zkEtTmE9RyCerzCep5BJo6lwBc8gi0-QRaLsH8J1HLfRK1-U-idu5JjI8Fux_6XHhwmmQxzPpkUwgqiGcPmKCjPJZptxki1n7vYkFJEPpd-4Rnssz6ZNcCB3l3SIJsilmfbIouFgJyED-P49Qpm2SA4Z1izxbE6eURnXXMJuuwANzyWBKPC7YYC-yxrp-_xxOnvC_b_EddnXnUx2O48y66UfF_u1GLxaWmpqKCBuMbcqyjJcEk8oO0DGTgQDDRI_0Hw7DtUefBMGBu6AjK_O0RCY6wJzdL3vSu6DPi-dsuSXnNmPe6HFto0WcpUEUFFcZfyfEOKr0iHO7DFwHhxBdpQA0tGtKpJI06uuJRLrFrxcWmHvOuAaKrKNUpyQp0DS3Fa6tLy0Qq2Tt5f_joecvS9_ZfH2sHJ4_VV4ei1Tr026qjPaX73N_TBs93d5vO8aPDo60kqW6hKz7zSVKQXkWLk6XptbgEWY0RL2YVhiZahsflCBRP5LfYhFXrEvwaxnV0q42dfkOraA-pj6GFI0n3TQStczLEARYsiPAJuhmhSC4eAEN9yIlHHEFkgu8j7C5MDKBvZwgaE4Ikc0RgaJWqesr92fFVrVL_3PjpBdQB0acI8pd-N0JvJw2VxU-BcoNaGrqiWVUtUX7NVqQFL5XfpfK7VH6Xyu9S-V0qv_-18gN9ATdgrElASbVAxp1TUnflvIYQ3L59Qn0eOr0OHrGASvCWBA20ksrE6A8WmLLQektgEfJ91qU-vHWJexCK6NZdbOnoCxCE2ANzA7z1OlqNV_vcH1FO256s5yY4Gij50whsBJ6Giq5Rn4JT7CNzGdqFuW5IGNQo63RSy0gtWblhohXQpdHNmTpYaMkZcLDWpVVF19uY94mwR5QcJfUaNbQ6gB7RoUfibvFYSraMOlruYs-L-eSMCeLSBalAPZ5Em_pF0aZxLtqcjpYlmxZaSeSI1G93YMoy0c1kc043JgKsDEDSWvVp2i-h0dXz-y77XTVkv0_3ZFXOmVObItNU6xfk31EzANDBrZqaCPP1YsntwFftY7z9HBWsSO9d7WCHCI5unr31czAjBzNzsLx81RxsJwer5WD1izFNzcG0HCynL5oRfYNTbHXm4gDw2wmIzt8HZ4NnTvpM5vQMj6R5Cq7NHs6AlifoetaJG_1sSD1KZ07TTOrJMZnTe9nD74rX4QCBIPjBIHpordl4u_ui9bbHuADR3nm7UfgXKqoq8Q**&amp;search=*+Ines+%22hock%2C+ines%22+&amp;refine=Suchen\">www.Artothek-K\u00f6ln.de<\/a><\/p>\n<p><a href=\"http:\/\/www.deconarch.com\/tag\/ines-hock\/\" target=\"_blank\" rel=\"noopener\">www.deconarch.com ines hock<\/a><\/p>\n<p><a href=\"http:\/\/www.deconarch.com\/der-rhythmus-des-pinsels-gliedert-den-raum-bewegung-suggerierend-interview-mit-ines-hock\/\" target=\"_blank\" rel=\"noopener\">www.deconarch\/Interview.com<\/a><\/p>\n<p><a href=\"http:\/\/www.salondudessincontemporain.com\/\" target=\"_blank\" rel=\"noopener\">www.salondudessincontemporain.com<\/a><\/p>\n<p><a href=\"https:\/\/www.ruhrkunstmuseen.com\/de\/museen\/museum-ostwall-im-dortmunder-u\/\" target=\"_blank\" rel=\"noopener\">www.museumamostwall.dortmund.de<\/a><\/p>\n<p><a href=\"https:\/\/advotec.de\/sammlung-advotec\/\" target=\"_blank\" rel=\"noopener\">ADVOTEC Sammlung<\/a><\/p>\n<p><a href=\"https:\/\/kolumba.de\/index.php?language=ger&amp;cat_select=1&amp;category=13&amp;artikle=136\" target=\"_blank\" rel=\"noopener\">Kolumba, \u00dcber die Farbe<\/a><\/p>\n<p><a href=\"http:\/\/www.osthausmuseum.de\/web\/de\/keom\/aktuell\/ausstellungen\/westdeutscherkuebund.html\" target=\"_blank\" rel=\"noopener\">Karl Ernst Osthaus Museum, Hagen<\/a><\/p>\n<p><a href=\"http:\/\/www.clemens-sels-museum.de\/\" target=\"_blank\" rel=\"noopener\">Clemens-Sels-Museum Neuss<\/a><\/p>\n<p><a href=\"http:\/\/www.kunst-aus-nrw.nrw.de\" target=\"_blank\" rel=\"noopener\">www.kunsthaus NRW kornelim\u00fcnster.de<\/a><\/p>\n<p><a href=\"https:\/\/www.iserlohn.de\/kultur\/staedtische-galerie\/ausstellungs-archiv\/sichtweiten-westdt-kuenstlerbund\">St\u00e4dtische Galerie Iserlohn 2019<\/a><\/p>\n<p><a href=\"http:\/\/www.morat-institut.de\" target=\"_blank\" rel=\"noopener\">www.morat-institut.de<\/a><\/p>\n<p><a href=\"https:\/\/www.artsy.net\/artwork\/ines-hock-26-dot-2-2020-number-023093\" target=\"_blank\" rel=\"noopener\">artsy Japan Art Galerie, Frankfurt<\/a><\/p>\n<p><a href=\"https:\/\/vfakr-oberhausen.de\/archiv\/2000-bis-2009\/\" target=\"_blank\" rel=\"noopener\">vfakr-oberhausen-archiv<\/a><\/p>\n<p><a href=\"http:\/\/www.kunstverein-muensterland.de\" target=\"_blank\" rel=\"noopener\">www.kunstverein-muensterland.de<\/a><\/p>\n<p><a href=\"http:\/\/www.druckverlag-kettler.com\/docs\/unternehmen.html\" target=\"_blank\" rel=\"noopener\">Druckverlag Kettler, B\u00f6nen<\/a><\/p>\n<p><a href=\"https:\/\/www.frauenkulturbuero-nrw.de\/index.php\/wir-ueber-uns\/\" target=\"_blank\" rel=\"noopener\">frauenkulturbuero-nrw.de<\/a><\/p>\n<p><a href=\"https:\/\/www.westdeutscher-kuenstlerbund.de\/ines-hock\/\" target=\"_blank\" rel=\"noopener\">Westdeutscher K\u00fcnstlerbund-Mitglieder Seite<\/a><\/p>\n<p><a href=\"https:\/\/vddk1844.de\/news-ausstellungen\/\" target=\"_blank\" rel=\"noopener\">Verein der D\u00fcsseldorfer K\u00fcnstler 1844<\/a><\/p>\n<p><a href=\"https:\/\/de.wikipedia.org\/wiki\/Ines_Hock\">www.wikipedia\/InesHock.de<\/a><\/p>\n<p><a href=\"https:\/\/de.wikipedia.org\/wiki\/Lothar_Hock\">www.wikipedia\/LotharHock.de<\/a><\/p>\n<p><a href=\"https:\/\/de.wikipedia.org\/wiki\/Annemarie_Kaiser_(Malerin)\">Annemarie Kaiser (Kunsterzieherin EBS Hanover)<\/a><\/p>\n<p><a href=\"http:\/\/www.raykai.de\" target=\"_blank\" rel=\"noopener\">raykai.de<\/a><\/p>\n<p><a href=\"https:\/\/www.instagram.com\/ineshockgarten\/p\/CSWbu18iV_M\/\" target=\"_blank\" rel=\"noopener\">Ines Hock Garten<\/a><\/p>\n","protected":false},"excerpt":{"rendered":"<p>Links &nbsp; Heribert K\u00e4sbach JAPAN ART &#8211; Galerie Friedrich M\u00fcller drj art projects &#8211; berlin&nbsp; &nbsp; &nbsp;Teilnehmende Sammlung Carl-J\u00fcrgen Schroth [&#8230;]<\/p>\n","protected":false},"author":1,"featured_media":0,"parent":0,"menu_order":0,"comment_status":"closed","ping_status":"closed","template":"templates\/template-no-title.php","meta":{"ngg_post_thumbnail":0,"footnotes":""},"class_list":["post-342","page","type-page","status-publish","hentry"],"translation":{"provider":"WPGlobus","version":"3.0.2","language":"en","enabled_languages":["de","en"],"languages":{"de":{"title":true,"content":true,"excerpt":false},"en":{"title":true,"content":false,"excerpt":false}}},"_links":{"self":[{"href":"https:\/\/ineshock.de\/en\/wp-json\/wp\/v2\/pages\/342","targetHints":{"allow":["GET"]}}],"collection":[{"href":"https:\/\/ineshock.de\/en\/wp-json\/wp\/v2\/pages"}],"about":[{"href":"https:\/\/ineshock.de\/en\/wp-json\/wp\/v2\/types\/page"}],"author":[{"embeddable":true,"href":"https:\/\/ineshock.de\/en\/wp-json\/wp\/v2\/users\/1"}],"replies":[{"embeddable":true,"href":"https:\/\/ineshock.de\/en\/wp-json\/wp\/v2\/comments?post=342"}],"version-history":[{"count":50,"href":"https:\/\/ineshock.de\/en\/wp-json\/wp\/v2\/pages\/342\/revisions"}],"predecessor-version":[{"id":5068,"href":"https:\/\/ineshock.de\/en\/wp-json\/wp\/v2\/pages\/342\/revisions\/5068"}],"wp:attachment":[{"href":"https:\/\/ineshock.de\/en\/wp-json\/wp\/v2\/media?parent=342"}],"curies":[{"name":"wp","href":"https:\/\/api.w.org\/{rel}","templated":true}]}}