{"id":154,"date":"2022-03-15T13:06:25","date_gmt":"2022-03-15T12:06:25","guid":{"rendered":"https:\/\/ineshock.de\/\/?page_id=154"},"modified":"2024-12-16T13:52:21","modified_gmt":"2024-12-16T12:52:21","slug":"about","status":"publish","type":"page","link":"https:\/\/ineshock.de\/en\/about\/","title":{"rendered":"Contact"},"content":{"rendered":"<p><span style=\"font-size: 14pt;\"><strong><a href=\"mailto:mail@ineshock.de\" target=\"_blank\" rel=\"noopener\">mail@ineshock.de<\/a><\/strong><\/span><\/p>\n<p><strong>mobil: 01575 240 2747<\/strong><\/p>\n<p>\u00a9 VG Bild-Kunst<br \/>\n\u00a9 with the authors and Ines Hock<\/p>\n<p>Fotos: Gabriele Br\u00f6cker, Christian Buck, Peter Dahm, Carl Victor Dahmen, Nikola Dimitrov, Farbanalyse-K\u00f6ln, Wolfgang Gr\u00fcmer, Jasper Hallmanns, Peter Hochscheid, Ines Hock, Niklas Hock, Raymund Kaiser, Sebastian Linnerz, Alistair Overbruck, Henry Sachs, Georg Schmidt, Lothar Schnepf, Gerd Sch\u00fctte, Axel Unbehend, &nbsp;Michael Wittassek, Herbert Wolf.<\/p>\n<p>\u00a9 Webdesign by <a href=\"http:\/\/www.raykai.de\" target=\"_blank\" rel=\"noopener\">www.raykai.de<\/a><\/p>\n<p>&nbsp;<\/p>\n","protected":false},"excerpt":{"rendered":"<p>mail@ineshock.de mobil: 01575 240 2747 \u00a9 VG Bild-Kunst \u00a9 with the authors and Ines Hock Fotos: Gabriele Br\u00f6cker, Christian Buck, [&#8230;]<\/p>\n","protected":false},"author":2,"featured_media":2435,"parent":0,"menu_order":0,"comment_status":"closed","ping_status":"closed","template":"templates\/template-fullwidth-no-title.php","meta":{"ngg_post_thumbnail":0,"footnotes":""},"class_list":["post-154","page","type-page","status-publish","has-post-thumbnail","hentry"],"translation":{"provider":"WPGlobus","version":"3.0.2","language":"en","enabled_languages":["de","en"],"languages":{"de":{"title":true,"content":true,"excerpt":false},"en":{"title":true,"content":false,"excerpt":false}}},"_links":{"self":[{"href":"https:\/\/ineshock.de\/en\/wp-json\/wp\/v2\/pages\/154","targetHints":{"allow":["GET"]}}],"collection":[{"href":"https:\/\/ineshock.de\/en\/wp-json\/wp\/v2\/pages"}],"about":[{"href":"https:\/\/ineshock.de\/en\/wp-json\/wp\/v2\/types\/page"}],"author":[{"embeddable":true,"href":"https:\/\/ineshock.de\/en\/wp-json\/wp\/v2\/users\/2"}],"replies":[{"embeddable":true,"href":"https:\/\/ineshock.de\/en\/wp-json\/wp\/v2\/comments?post=154"}],"version-history":[{"count":28,"href":"https:\/\/ineshock.de\/en\/wp-json\/wp\/v2\/pages\/154\/revisions"}],"predecessor-version":[{"id":4199,"href":"https:\/\/ineshock.de\/en\/wp-json\/wp\/v2\/pages\/154\/revisions\/4199"}],"wp:featuredmedia":[{"embeddable":true,"href":"https:\/\/ineshock.de\/en\/wp-json\/wp\/v2\/media\/2435"}],"wp:attachment":[{"href":"https:\/\/ineshock.de\/en\/wp-json\/wp\/v2\/media?parent=154"}],"curies":[{"name":"wp","href":"https:\/\/api.w.org\/{rel}","templated":true}]}}